{"id":3678,"date":"2020-04-14T16:23:55","date_gmt":"2020-04-14T16:23:55","guid":{"rendered":"https:\/\/www.cromogenia.com\/projects-cromogenia\/ligno-spread-en-el-reto-de-accion-sobre-el-cambio-climatico\/"},"modified":"2021-05-18T11:27:36","modified_gmt":"2021-05-18T11:27:36","slug":"ligno-spread","status":"publish","type":"page","link":"https:\/\/www.cromogenia.com\/en\/projects-cromogenia\/ligno-spread\/","title":{"rendered":"LIGNO-SPREAD, THE CHALLENGE IN TERMS OF THE CLIMATE CHANGE"},"content":{"rendered":"<p>The <strong>LIGNO-SPREAD\u00a0project<\/strong> pursues the main target to upgrade the lignin that is present in black liqueurs of the paper sector to transform it into new competitive and environmentally sustainable products.<br \/>\nVia the present project there will be realized the stage development of extraction, purification and derivatization of the lignin to be able to be used for the elaboration of new product<\/p>\n<ul>\n<li>Flocculants for the sector of water treatment.<\/li>\n<li>Detergents and surface cleaners for the sector of hygienics and cleansing.<\/li>\n<li>Isolating panels in the construction sector.<\/li>\n<li>Polyurethane foams for fillings in the automotive sector.<\/li>\n<li>Stabilizers for silvicultural soils in the construction sector.<\/li>\n<\/ul>\n<p>Therefore the LIGNO-SPREAD project counts on a consortium formed of six Galician companies: ENCE Energ\u00eda y Celulosa (project leader), CANARGA S.L., CUPA Innovaci\u00f3n, Centro Technol\u00f3gico Grupo Copo (CETEC), KEMEGAK qu\u00edmicos S.L. and ARTEIXO QU\u00cdMICA.<br \/>\nLIGNO-SPREAD is part of the framework of the\u00a0<strong>Action Challenge in terms of the climate change and efficience within the use of ressources and raw materials<\/strong>\u00a0of The call FEDER INTERCONNECTA 2015 (cofinanced by the European Fond of Regional Development). It\u2019s a project that was subsidized by CDTI and is supported by the Ministry for Economy and Competition.<\/p>\n<p>LIGNO-SPREAD: \u201cUpgrading of lignin that comes out of the black liqueurs of the paper sector for new competitive and environmentally sustainable products (ITC-20151095)<\/p>\n<p><img loading=\"lazy\" decoding=\"async\" class=\"alignnone wp-image-1779 size-full\" src=\"https:\/\/www.cromogenia.com\/wp-content\/uploads\/2020\/04\/xlogos_Hormiplast.jpg.pagespeed.ic_.blX9mNWF1t.jpg\" alt=\"\" width=\"851\" height=\"81\" srcset=\"https:\/\/www.cromogenia.com\/wp-content\/uploads\/2020\/04\/xlogos_Hormiplast.jpg.pagespeed.ic_.blX9mNWF1t.jpg 851w, https:\/\/www.cromogenia.com\/wp-content\/uploads\/2020\/04\/xlogos_Hormiplast.jpg.pagespeed.ic_.blX9mNWF1t-480x46.jpg 480w\" sizes=\"(min-width: 0px) and (max-width: 480px) 480px, (min-width: 481px) 851px, 100vw\" \/><\/p>\n","protected":false},"excerpt":{"rendered":"<p>The LIGNO-SPREAD\u00a0project pursues the main target to upgrade the lignin that is present in black liqueurs of the paper sector to transform it into new competitive and environmentally sustainable products. Via the present project there will be realized the stage development of extraction, purification and derivatization of the lignin to be able to be used [&hellip;]<\/p>\n","protected":false},"author":2,"featured_media":0,"parent":3649,"menu_order":0,"comment_status":"closed","ping_status":"closed","template":"","meta":{"_et_pb_use_builder":"","_et_pb_old_content":"","_et_gb_content_width":"","footnotes":""},"class_list":["post-3678","page","type-page","status-publish","hentry"],"yoast_head":"<!-- This site is optimized with the Yoast SEO plugin v27.2 - https:\/\/yoast.com\/product\/yoast-seo-wordpress\/ -->\n<title>LIGNO-SPREAD Project - Cromogenia Units<\/title>\n<meta name=\"description\" content=\"LIGNO-SPREAD\u00a0pursues the main target to upgrade the lignin to transform it into new competitive and environmentally sustainable products.\" \/>\n<meta name=\"robots\" content=\"index, follow, max-snippet:-1, max-image-preview:large, max-video-preview:-1\" \/>\n<link rel=\"canonical\" href=\"https:\/\/www.cromogenia.com\/en\/projects-cromogenia\/ligno-spread\/\" \/>\n<meta property=\"og:locale\" content=\"en_US\" \/>\n<meta property=\"og:type\" content=\"article\" \/>\n<meta property=\"og:title\" content=\"LIGNO-SPREAD Project - Cromogenia Units\" \/>\n<meta property=\"og:description\" content=\"LIGNO-SPREAD\u00a0pursues the main target to upgrade the lignin to transform it into new competitive and environmentally sustainable products.\" \/>\n<meta property=\"og:url\" content=\"https:\/\/www.cromogenia.com\/en\/projects-cromogenia\/ligno-spread\/\" \/>\n<meta property=\"og:site_name\" content=\"Cromogenia Units\" \/>\n<meta property=\"article:modified_time\" content=\"2021-05-18T11:27:36+00:00\" \/>\n<meta property=\"og:image\" content=\"https:\/\/www.cromogenia.com\/wp-content\/uploads\/2020\/04\/xlogos_Hormiplast.jpg.pagespeed.ic_.blX9mNWF1t.jpg\" \/>\n<meta name=\"twitter:card\" content=\"summary_large_image\" \/>\n<meta name=\"twitter:label1\" content=\"Est. reading time\" \/>\n\t<meta name=\"twitter:data1\" content=\"2 minutes\" \/>\n<script type=\"application\/ld+json\" class=\"yoast-schema-graph\">{\"@context\":\"https:\/\/schema.org\",\"@graph\":[{\"@type\":\"WebPage\",\"@id\":\"https:\/\/www.cromogenia.com\/en\/projects-cromogenia\/ligno-spread\/\",\"url\":\"https:\/\/www.cromogenia.com\/en\/projects-cromogenia\/ligno-spread\/\",\"name\":\"LIGNO-SPREAD Project - Cromogenia Units\",\"isPartOf\":{\"@id\":\"https:\/\/www.cromogenia.com\/#website\"},\"primaryImageOfPage\":{\"@id\":\"https:\/\/www.cromogenia.com\/en\/projects-cromogenia\/ligno-spread\/#primaryimage\"},\"image\":{\"@id\":\"https:\/\/www.cromogenia.com\/en\/projects-cromogenia\/ligno-spread\/#primaryimage\"},\"thumbnailUrl\":\"https:\/\/www.cromogenia.com\/wp-content\/uploads\/2020\/04\/xlogos_Hormiplast.jpg.pagespeed.ic_.blX9mNWF1t.jpg\",\"datePublished\":\"2020-04-14T16:23:55+00:00\",\"dateModified\":\"2021-05-18T11:27:36+00:00\",\"description\":\"LIGNO-SPREAD\u00a0pursues the main target to upgrade the lignin to transform it into new competitive and environmentally sustainable products.\",\"breadcrumb\":{\"@id\":\"https:\/\/www.cromogenia.com\/en\/projects-cromogenia\/ligno-spread\/#breadcrumb\"},\"inLanguage\":\"en-US\",\"potentialAction\":[{\"@type\":\"ReadAction\",\"target\":[\"https:\/\/www.cromogenia.com\/en\/projects-cromogenia\/ligno-spread\/\"]}]},{\"@type\":\"ImageObject\",\"inLanguage\":\"en-US\",\"@id\":\"https:\/\/www.cromogenia.com\/en\/projects-cromogenia\/ligno-spread\/#primaryimage\",\"url\":\"https:\/\/www.cromogenia.com\/wp-content\/uploads\/2020\/04\/xlogos_Hormiplast.jpg.pagespeed.ic_.blX9mNWF1t.jpg\",\"contentUrl\":\"https:\/\/www.cromogenia.com\/wp-content\/uploads\/2020\/04\/xlogos_Hormiplast.jpg.pagespeed.ic_.blX9mNWF1t.jpg\"},{\"@type\":\"BreadcrumbList\",\"@id\":\"https:\/\/www.cromogenia.com\/en\/projects-cromogenia\/ligno-spread\/#breadcrumb\",\"itemListElement\":[{\"@type\":\"ListItem\",\"position\":1,\"name\":\"Portada\",\"item\":\"https:\/\/www.cromogenia.com\/en\/\"},{\"@type\":\"ListItem\",\"position\":2,\"name\":\"Projects\",\"item\":\"https:\/\/www.cromogenia.com\/en\/projects-cromogenia\/\"},{\"@type\":\"ListItem\",\"position\":3,\"name\":\"LIGNO-SPREAD, THE CHALLENGE IN TERMS OF THE CLIMATE CHANGE\"}]},{\"@type\":\"WebSite\",\"@id\":\"https:\/\/www.cromogenia.com\/#website\",\"url\":\"https:\/\/www.cromogenia.com\/\",\"name\":\"Cromogenia Units\",\"description\":\"Empresa de especialidades qu\u00edmicas, curtidos, recubrimientos, lubricantes y metalurgia.\",\"potentialAction\":[{\"@type\":\"SearchAction\",\"target\":{\"@type\":\"EntryPoint\",\"urlTemplate\":\"https:\/\/www.cromogenia.com\/?s={search_term_string}\"},\"query-input\":{\"@type\":\"PropertyValueSpecification\",\"valueRequired\":true,\"valueName\":\"search_term_string\"}}],\"inLanguage\":\"en-US\"}]}<\/script>\n<!-- \/ Yoast SEO plugin. -->","yoast_head_json":{"title":"LIGNO-SPREAD Project - Cromogenia Units","description":"LIGNO-SPREAD\u00a0pursues the main target to upgrade the lignin to transform it into new competitive and environmentally sustainable products.","robots":{"index":"index","follow":"follow","max-snippet":"max-snippet:-1","max-image-preview":"max-image-preview:large","max-video-preview":"max-video-preview:-1"},"canonical":"https:\/\/www.cromogenia.com\/en\/projects-cromogenia\/ligno-spread\/","og_locale":"en_US","og_type":"article","og_title":"LIGNO-SPREAD Project - Cromogenia Units","og_description":"LIGNO-SPREAD\u00a0pursues the main target to upgrade the lignin to transform it into new competitive and environmentally sustainable products.","og_url":"https:\/\/www.cromogenia.com\/en\/projects-cromogenia\/ligno-spread\/","og_site_name":"Cromogenia Units","article_modified_time":"2021-05-18T11:27:36+00:00","og_image":[{"url":"https:\/\/www.cromogenia.com\/wp-content\/uploads\/2020\/04\/xlogos_Hormiplast.jpg.pagespeed.ic_.blX9mNWF1t.jpg","type":"","width":"","height":""}],"twitter_card":"summary_large_image","twitter_misc":{"Est. reading time":"2 minutes"},"schema":{"@context":"https:\/\/schema.org","@graph":[{"@type":"WebPage","@id":"https:\/\/www.cromogenia.com\/en\/projects-cromogenia\/ligno-spread\/","url":"https:\/\/www.cromogenia.com\/en\/projects-cromogenia\/ligno-spread\/","name":"LIGNO-SPREAD Project - Cromogenia Units","isPartOf":{"@id":"https:\/\/www.cromogenia.com\/#website"},"primaryImageOfPage":{"@id":"https:\/\/www.cromogenia.com\/en\/projects-cromogenia\/ligno-spread\/#primaryimage"},"image":{"@id":"https:\/\/www.cromogenia.com\/en\/projects-cromogenia\/ligno-spread\/#primaryimage"},"thumbnailUrl":"https:\/\/www.cromogenia.com\/wp-content\/uploads\/2020\/04\/xlogos_Hormiplast.jpg.pagespeed.ic_.blX9mNWF1t.jpg","datePublished":"2020-04-14T16:23:55+00:00","dateModified":"2021-05-18T11:27:36+00:00","description":"LIGNO-SPREAD\u00a0pursues the main target to upgrade the lignin to transform it into new competitive and environmentally sustainable products.","breadcrumb":{"@id":"https:\/\/www.cromogenia.com\/en\/projects-cromogenia\/ligno-spread\/#breadcrumb"},"inLanguage":"en-US","potentialAction":[{"@type":"ReadAction","target":["https:\/\/www.cromogenia.com\/en\/projects-cromogenia\/ligno-spread\/"]}]},{"@type":"ImageObject","inLanguage":"en-US","@id":"https:\/\/www.cromogenia.com\/en\/projects-cromogenia\/ligno-spread\/#primaryimage","url":"https:\/\/www.cromogenia.com\/wp-content\/uploads\/2020\/04\/xlogos_Hormiplast.jpg.pagespeed.ic_.blX9mNWF1t.jpg","contentUrl":"https:\/\/www.cromogenia.com\/wp-content\/uploads\/2020\/04\/xlogos_Hormiplast.jpg.pagespeed.ic_.blX9mNWF1t.jpg"},{"@type":"BreadcrumbList","@id":"https:\/\/www.cromogenia.com\/en\/projects-cromogenia\/ligno-spread\/#breadcrumb","itemListElement":[{"@type":"ListItem","position":1,"name":"Portada","item":"https:\/\/www.cromogenia.com\/en\/"},{"@type":"ListItem","position":2,"name":"Projects","item":"https:\/\/www.cromogenia.com\/en\/projects-cromogenia\/"},{"@type":"ListItem","position":3,"name":"LIGNO-SPREAD, THE CHALLENGE IN TERMS OF THE CLIMATE CHANGE"}]},{"@type":"WebSite","@id":"https:\/\/www.cromogenia.com\/#website","url":"https:\/\/www.cromogenia.com\/","name":"Cromogenia Units","description":"Empresa de especialidades qu\u00edmicas, curtidos, recubrimientos, lubricantes y metalurgia.","potentialAction":[{"@type":"SearchAction","target":{"@type":"EntryPoint","urlTemplate":"https:\/\/www.cromogenia.com\/?s={search_term_string}"},"query-input":{"@type":"PropertyValueSpecification","valueRequired":true,"valueName":"search_term_string"}}],"inLanguage":"en-US"}]}},"_links":{"self":[{"href":"https:\/\/www.cromogenia.com\/en\/wp-json\/wp\/v2\/pages\/3678","targetHints":{"allow":["GET"]}}],"collection":[{"href":"https:\/\/www.cromogenia.com\/en\/wp-json\/wp\/v2\/pages"}],"about":[{"href":"https:\/\/www.cromogenia.com\/en\/wp-json\/wp\/v2\/types\/page"}],"author":[{"embeddable":true,"href":"https:\/\/www.cromogenia.com\/en\/wp-json\/wp\/v2\/users\/2"}],"replies":[{"embeddable":true,"href":"https:\/\/www.cromogenia.com\/en\/wp-json\/wp\/v2\/comments?post=3678"}],"version-history":[{"count":0,"href":"https:\/\/www.cromogenia.com\/en\/wp-json\/wp\/v2\/pages\/3678\/revisions"}],"up":[{"embeddable":true,"href":"https:\/\/www.cromogenia.com\/en\/wp-json\/wp\/v2\/pages\/3649"}],"wp:attachment":[{"href":"https:\/\/www.cromogenia.com\/en\/wp-json\/wp\/v2\/media?parent=3678"}],"curies":[{"name":"wp","href":"https:\/\/api.w.org\/{rel}","templated":true}]}}