{"id":3656,"date":"2020-12-11T11:09:21","date_gmt":"2020-12-11T11:09:21","guid":{"rendered":"https:\/\/www.cromogenia.com\/projects-cromogenia\/proyecto-alutool\/"},"modified":"2021-05-18T10:47:43","modified_gmt":"2021-05-18T10:47:43","slug":"alutool-project","status":"publish","type":"page","link":"https:\/\/www.cromogenia.com\/en\/projects-cromogenia\/alutool-project\/","title":{"rendered":"ALUTOOL Project"},"content":{"rendered":"<p>This project wants to answer to the recent and future reality in the sector of the formation of high-specifified aluminium parts as the increase of the presence of aluminium parts in vehicles until now hasn\u2019t been united to the development of specific techniques for the fabrication of this type of pieces, but the previous knowhow of lots of aspects of steel has been transferred \u201edirectly\u201c to the alloying of aluminium without paying attention to new challenges that come out when processing this type of materials.<br \/>\nAs a consequence the following project puts the focus on the development of new avant-garde materials and technologies to integrate into the main elements that influence in the alloying of aluminium directed to the automotive sector.<\/p>\n<h5><strong>Programme Retos Colaboraci\u00f3n 2017<\/strong><\/h5>\n<p>Sponsored by: FEDER\/Ministerio de Ciencia, Innovaci\u00f3n y Universidades \u2013 Agencia Estatal de Investigaci\u00f3n\/RTC-2017-6245-4<\/p>\n<p>Participants: CROMOGENIA UNITS S.A., BATZ S.COOP., TRANSFORMACI\u00d3N DE PRODUCTOS S.L., OERLIKON BALZERS SPAIN, FUNDACI\u00d3 CTM CENTRE TECNOL\u00d2GIC y ESCUELA POLITEKNIKA DE MONDRAG\u00d3N.<\/p>\n<p>Goal of the application RETOS: Promote technologial development, innovation and quality investigation.<\/p>\n<p><img loading=\"lazy\" decoding=\"async\" class=\"alignnone size-medium wp-image-3039\" src=\"https:\/\/www.cromogenia.com\/wp-content\/uploads\/2020\/12\/x815-logos.jpg.pagespeed.ic_.z6eLgstoh6-300x47.jpg\" alt=\"\" width=\"300\" height=\"47\" \/><\/p>\n","protected":false},"excerpt":{"rendered":"<p>This project wants to answer to the recent and future reality in the sector of the formation of high-specifified aluminium parts as the increase of the presence of aluminium parts in vehicles until now hasn\u2019t been united to the development of specific techniques for the fabrication of this type of pieces, but the previous knowhow [&hellip;]<\/p>\n","protected":false},"author":2,"featured_media":0,"parent":3649,"menu_order":0,"comment_status":"closed","ping_status":"closed","template":"","meta":{"_et_pb_use_builder":"","_et_pb_old_content":"","_et_gb_content_width":"","footnotes":""},"class_list":["post-3656","page","type-page","status-publish","hentry"],"yoast_head":"<!-- This site is optimized with the Yoast SEO plugin v27.2 - https:\/\/yoast.com\/product\/yoast-seo-wordpress\/ -->\n<title>ALUTOOL Project - Cromogenia Units<\/title>\n<meta name=\"description\" content=\"Alutool is a project wants to answer to the recent and future reality in the sector of the formation of high-specifified aluminium.\" \/>\n<meta name=\"robots\" content=\"index, follow, max-snippet:-1, max-image-preview:large, max-video-preview:-1\" \/>\n<link rel=\"canonical\" href=\"https:\/\/www.cromogenia.com\/en\/projects-cromogenia\/alutool-project\/\" \/>\n<meta property=\"og:locale\" content=\"en_US\" \/>\n<meta property=\"og:type\" content=\"article\" \/>\n<meta property=\"og:title\" content=\"ALUTOOL Project - Cromogenia Units\" \/>\n<meta property=\"og:description\" content=\"Alutool is a project wants to answer to the recent and future reality in the sector of the formation of high-specifified aluminium.\" \/>\n<meta property=\"og:url\" content=\"https:\/\/www.cromogenia.com\/en\/projects-cromogenia\/alutool-project\/\" \/>\n<meta property=\"og:site_name\" content=\"Cromogenia Units\" \/>\n<meta property=\"article:modified_time\" content=\"2021-05-18T10:47:43+00:00\" \/>\n<meta property=\"og:image\" content=\"https:\/\/www.cromogenia.com\/wp-content\/uploads\/2020\/12\/x815-logos.jpg.pagespeed.ic_.z6eLgstoh6-300x47.jpg\" \/>\n<meta name=\"twitter:card\" content=\"summary_large_image\" \/>\n<meta name=\"twitter:label1\" content=\"Est. reading time\" \/>\n\t<meta name=\"twitter:data1\" content=\"1 minute\" \/>\n<script type=\"application\/ld+json\" class=\"yoast-schema-graph\">{\"@context\":\"https:\/\/schema.org\",\"@graph\":[{\"@type\":\"WebPage\",\"@id\":\"https:\/\/www.cromogenia.com\/en\/projects-cromogenia\/alutool-project\/\",\"url\":\"https:\/\/www.cromogenia.com\/en\/projects-cromogenia\/alutool-project\/\",\"name\":\"ALUTOOL Project - Cromogenia Units\",\"isPartOf\":{\"@id\":\"https:\/\/www.cromogenia.com\/#website\"},\"primaryImageOfPage\":{\"@id\":\"https:\/\/www.cromogenia.com\/en\/projects-cromogenia\/alutool-project\/#primaryimage\"},\"image\":{\"@id\":\"https:\/\/www.cromogenia.com\/en\/projects-cromogenia\/alutool-project\/#primaryimage\"},\"thumbnailUrl\":\"https:\/\/www.cromogenia.com\/wp-content\/uploads\/2020\/12\/x815-logos.jpg.pagespeed.ic_.z6eLgstoh6-300x47.jpg\",\"datePublished\":\"2020-12-11T11:09:21+00:00\",\"dateModified\":\"2021-05-18T10:47:43+00:00\",\"description\":\"Alutool is a project wants to answer to the recent and future reality in the sector of the formation of high-specifified aluminium.\",\"breadcrumb\":{\"@id\":\"https:\/\/www.cromogenia.com\/en\/projects-cromogenia\/alutool-project\/#breadcrumb\"},\"inLanguage\":\"en-US\",\"potentialAction\":[{\"@type\":\"ReadAction\",\"target\":[\"https:\/\/www.cromogenia.com\/en\/projects-cromogenia\/alutool-project\/\"]}]},{\"@type\":\"ImageObject\",\"inLanguage\":\"en-US\",\"@id\":\"https:\/\/www.cromogenia.com\/en\/projects-cromogenia\/alutool-project\/#primaryimage\",\"url\":\"https:\/\/www.cromogenia.com\/wp-content\/uploads\/2020\/12\/x815-logos.jpg.pagespeed.ic_.z6eLgstoh6-300x47.jpg\",\"contentUrl\":\"https:\/\/www.cromogenia.com\/wp-content\/uploads\/2020\/12\/x815-logos.jpg.pagespeed.ic_.z6eLgstoh6-300x47.jpg\"},{\"@type\":\"BreadcrumbList\",\"@id\":\"https:\/\/www.cromogenia.com\/en\/projects-cromogenia\/alutool-project\/#breadcrumb\",\"itemListElement\":[{\"@type\":\"ListItem\",\"position\":1,\"name\":\"Portada\",\"item\":\"https:\/\/www.cromogenia.com\/en\/\"},{\"@type\":\"ListItem\",\"position\":2,\"name\":\"Projects\",\"item\":\"https:\/\/www.cromogenia.com\/en\/projects-cromogenia\/\"},{\"@type\":\"ListItem\",\"position\":3,\"name\":\"ALUTOOL Project\"}]},{\"@type\":\"WebSite\",\"@id\":\"https:\/\/www.cromogenia.com\/#website\",\"url\":\"https:\/\/www.cromogenia.com\/\",\"name\":\"Cromogenia Units\",\"description\":\"Empresa de especialidades qu\u00edmicas, curtidos, recubrimientos, lubricantes y metalurgia.\",\"potentialAction\":[{\"@type\":\"SearchAction\",\"target\":{\"@type\":\"EntryPoint\",\"urlTemplate\":\"https:\/\/www.cromogenia.com\/?s={search_term_string}\"},\"query-input\":{\"@type\":\"PropertyValueSpecification\",\"valueRequired\":true,\"valueName\":\"search_term_string\"}}],\"inLanguage\":\"en-US\"}]}<\/script>\n<!-- \/ Yoast SEO plugin. -->","yoast_head_json":{"title":"ALUTOOL Project - Cromogenia Units","description":"Alutool is a project wants to answer to the recent and future reality in the sector of the formation of high-specifified aluminium.","robots":{"index":"index","follow":"follow","max-snippet":"max-snippet:-1","max-image-preview":"max-image-preview:large","max-video-preview":"max-video-preview:-1"},"canonical":"https:\/\/www.cromogenia.com\/en\/projects-cromogenia\/alutool-project\/","og_locale":"en_US","og_type":"article","og_title":"ALUTOOL Project - Cromogenia Units","og_description":"Alutool is a project wants to answer to the recent and future reality in the sector of the formation of high-specifified aluminium.","og_url":"https:\/\/www.cromogenia.com\/en\/projects-cromogenia\/alutool-project\/","og_site_name":"Cromogenia Units","article_modified_time":"2021-05-18T10:47:43+00:00","og_image":[{"url":"https:\/\/www.cromogenia.com\/wp-content\/uploads\/2020\/12\/x815-logos.jpg.pagespeed.ic_.z6eLgstoh6-300x47.jpg","type":"","width":"","height":""}],"twitter_card":"summary_large_image","twitter_misc":{"Est. reading time":"1 minute"},"schema":{"@context":"https:\/\/schema.org","@graph":[{"@type":"WebPage","@id":"https:\/\/www.cromogenia.com\/en\/projects-cromogenia\/alutool-project\/","url":"https:\/\/www.cromogenia.com\/en\/projects-cromogenia\/alutool-project\/","name":"ALUTOOL Project - Cromogenia Units","isPartOf":{"@id":"https:\/\/www.cromogenia.com\/#website"},"primaryImageOfPage":{"@id":"https:\/\/www.cromogenia.com\/en\/projects-cromogenia\/alutool-project\/#primaryimage"},"image":{"@id":"https:\/\/www.cromogenia.com\/en\/projects-cromogenia\/alutool-project\/#primaryimage"},"thumbnailUrl":"https:\/\/www.cromogenia.com\/wp-content\/uploads\/2020\/12\/x815-logos.jpg.pagespeed.ic_.z6eLgstoh6-300x47.jpg","datePublished":"2020-12-11T11:09:21+00:00","dateModified":"2021-05-18T10:47:43+00:00","description":"Alutool is a project wants to answer to the recent and future reality in the sector of the formation of high-specifified aluminium.","breadcrumb":{"@id":"https:\/\/www.cromogenia.com\/en\/projects-cromogenia\/alutool-project\/#breadcrumb"},"inLanguage":"en-US","potentialAction":[{"@type":"ReadAction","target":["https:\/\/www.cromogenia.com\/en\/projects-cromogenia\/alutool-project\/"]}]},{"@type":"ImageObject","inLanguage":"en-US","@id":"https:\/\/www.cromogenia.com\/en\/projects-cromogenia\/alutool-project\/#primaryimage","url":"https:\/\/www.cromogenia.com\/wp-content\/uploads\/2020\/12\/x815-logos.jpg.pagespeed.ic_.z6eLgstoh6-300x47.jpg","contentUrl":"https:\/\/www.cromogenia.com\/wp-content\/uploads\/2020\/12\/x815-logos.jpg.pagespeed.ic_.z6eLgstoh6-300x47.jpg"},{"@type":"BreadcrumbList","@id":"https:\/\/www.cromogenia.com\/en\/projects-cromogenia\/alutool-project\/#breadcrumb","itemListElement":[{"@type":"ListItem","position":1,"name":"Portada","item":"https:\/\/www.cromogenia.com\/en\/"},{"@type":"ListItem","position":2,"name":"Projects","item":"https:\/\/www.cromogenia.com\/en\/projects-cromogenia\/"},{"@type":"ListItem","position":3,"name":"ALUTOOL Project"}]},{"@type":"WebSite","@id":"https:\/\/www.cromogenia.com\/#website","url":"https:\/\/www.cromogenia.com\/","name":"Cromogenia Units","description":"Empresa de especialidades qu\u00edmicas, curtidos, recubrimientos, lubricantes y metalurgia.","potentialAction":[{"@type":"SearchAction","target":{"@type":"EntryPoint","urlTemplate":"https:\/\/www.cromogenia.com\/?s={search_term_string}"},"query-input":{"@type":"PropertyValueSpecification","valueRequired":true,"valueName":"search_term_string"}}],"inLanguage":"en-US"}]}},"_links":{"self":[{"href":"https:\/\/www.cromogenia.com\/en\/wp-json\/wp\/v2\/pages\/3656","targetHints":{"allow":["GET"]}}],"collection":[{"href":"https:\/\/www.cromogenia.com\/en\/wp-json\/wp\/v2\/pages"}],"about":[{"href":"https:\/\/www.cromogenia.com\/en\/wp-json\/wp\/v2\/types\/page"}],"author":[{"embeddable":true,"href":"https:\/\/www.cromogenia.com\/en\/wp-json\/wp\/v2\/users\/2"}],"replies":[{"embeddable":true,"href":"https:\/\/www.cromogenia.com\/en\/wp-json\/wp\/v2\/comments?post=3656"}],"version-history":[{"count":0,"href":"https:\/\/www.cromogenia.com\/en\/wp-json\/wp\/v2\/pages\/3656\/revisions"}],"up":[{"embeddable":true,"href":"https:\/\/www.cromogenia.com\/en\/wp-json\/wp\/v2\/pages\/3649"}],"wp:attachment":[{"href":"https:\/\/www.cromogenia.com\/en\/wp-json\/wp\/v2\/media?parent=3656"}],"curies":[{"name":"wp","href":"https:\/\/api.w.org\/{rel}","templated":true}]}}